{"id":13,"date":"2019-04-10T07:17:48","date_gmt":"2019-04-10T07:17:48","guid":{"rendered":"http:\/\/localhost\/Business\/?page_id=6"},"modified":"2025-10-29T15:02:28","modified_gmt":"2025-10-29T15:02:28","slug":"home-1","status":"publish","type":"page","link":"https:\/\/rockit.bi\/lab\/","title":{"rendered":"Home 1"},"content":{"rendered":"<div class=\"wpb-content-wrapper\"><p>[vc_row tm_bgimagefixed=&#8221;&#8221; break_in_responsive=&#8221;991&#8243; full_width=&#8221;stretch_row&#8221; css=&#8221;.vc_custom_1559909514739{padding-top: 100px !important;padding-bottom: 98px !important;}&#8221; tm_responsive_css=&#8221;89644920|colbreak_no|||||||||colbreak_no|||||40px||45px||colbreak_no||||||||||colbreak_no|||||||||&#8221;][vc_column width=&#8221;7\/12&#8243; css=&#8221;.vc_custom_1559627567579{padding-right: 95px !important;}&#8221; tm_responsive_css=&#8221;33764220|colbreak_no|||||||||colbreak_no||||||15px|||colbreak_no||||||||||colbreak_no|||||||||&#8221;][vc_row_inner][vc_column_inner css=&#8221;.vc_custom_1559719194599{padding-right: 60px !important;}&#8221; tm_responsive_css=&#8221;35878655|colbreak_no|||||||||colbreak_no||||||15px|||colbreak_no||||||||||colbreak_no|||||||||&#8221;]<div class=\"tm-element-heading-wrapper tm-heading-inner tm-element-align-left tm-seperator-none tm-heading-style-vertical  tm-link-underline tm-skincolor-link\"><section class=\"tm-vc_cta3-container tm-link-underline tm-skincolor-link\"><div class=\"tm-vc_general tm-vc_cta3 tm-cta3-only tm-vc_cta3-style-classic tm-vc_cta3-shape-rounded tm-vc_cta3-align-left tm-vc_cta3-color-transparent tm-vc_cta3-icon-size-md tm-vc_cta3-actions-no tm-cta3-with-desc\"><div class=\"tm-vc_cta3_content-container\"><div class=\"tm-vc_cta3-content\"><header class=\"tm-vc_cta3-content-header tm-wrap\"><div class=\"tm-vc_cta3-headers tm-wrap-cell\"><h4 class=\"tm-custom-heading \" >Lab Acces<\/h4>\n<h2 class=\"tm-custom-heading \" >Qui sommes-nous<\/h2>\n<\/div><\/header><div class=\"tm-cta3-content-wrapper\"><p>Lab Acces est une entreprise sp\u00e9cialis\u00e9e dans la vente et la distribution des r\u00e9actifs et appareils de laboratoire et les consommables et \u00e9quipements m\u00e9dicaux de haute qualit\u00e9. Fond\u00e9e en 2018, Lab Acces s&#8217;engage \u00e0 fournir les solutions innovantes aux professionnels de la sant\u00e9, allant des h\u00f4pitaux aux cliniques priv\u00e9es.<\/p>\n<p>Notre gamme de produits comprend :<\/p><\/div><\/div><\/div><\/div><\/section><\/div> <!-- .tm-element-heading-wrapper container --> [\/vc_column_inner][\/vc_row_inner][vc_row_inner][vc_column_inner width=&#8221;1\/2&#8243;]<ul class=\"tm-list tm-list-style-icon tm-list-icon-color-skincolor tm- tm-icon-skincolor tm-list-textsize- tm-list-icon-library-fontawesome vc_custom_1761748269653\"><li><i class=\"tm-skincolor fa fa-arrow-circle-right\"><\/i>  <span class=\"tm-list-li-content\">Appareils et r\u00e9actifs de diagnostics<\/span><\/li><li><i class=\"tm-skincolor fa fa-arrow-circle-right\"><\/i>  <span class=\"tm-list-li-content\">\u00c9quipements de soins <\/span><\/li><\/ul>[\/vc_column_inner][vc_column_inner width=&#8221;1\/2&#8243; css=&#8221;.vc_custom_1559625620905{padding-left: 0px !important;}&#8221; tm_responsive_css=&#8221;93448289|colbreak_no|||||||||colbreak_no|-16px|||||||15px|colbreak_no||||||||||colbreak_no|||||||||&#8221;]<ul class=\"tm-list tm-list-style-icon tm-list-icon-color-skincolor tm- tm-icon-skincolor tm-list-textsize- tm-list-icon-library-fontawesome vc_custom_1730460539400\"><li><i class=\"tm-skincolor fa fa-arrow-circle-right\"><\/i>  <span class=\"tm-list-li-content\">Instruments chirurgicaux <\/span><\/li><li><i class=\"tm-skincolor fa fa-arrow-circle-right\"><\/i>  <span class=\"tm-list-li-content\">Consommables m\u00e9dicaux <\/span><\/li><\/ul>[\/vc_column_inner][vc_column_inner]\n\t\t<div class=\"tm-vc_btn3-container tm-vc_btn3-inline\"><a class=\"tm-vc_general tm-vc_btn3 tm-vc_btn3-size-md tm-vc_btn3-shape-square tm-vc_btn3-style-modern tm-vc_btn3-weight-no tm-vc_btn3-color-inverse\" href=\"https:\/\/rockit.bi\/lab\/about-us-1\/\" title=\"\">Read More<\/a><\/div>[\/vc_column_inner][\/vc_row_inner][\/vc_column][vc_column tm_bgimage_position=&#8221;left_center&#8221; width=&#8221;5\/12&#8243; css=&#8221;.vc_custom_1559625661898{margin-left: -15px !important;border-top-width: 1px !important;border-right-width: 1px !important;border-bottom-width: 1px !important;border-left-width: 1px !important;padding-top: 12px !important;padding-right: 12px !important;padding-bottom: 12px !important;padding-left: 12px !important;border-left-color: #e8ecef !important;border-left-style: solid !important;border-right-color: #e8ecef !important;border-right-style: solid !important;border-top-color: #e8ecef !important;border-top-style: solid !important;border-bottom-color: #e8ecef !important;border-bottom-style: solid !important;}&#8221; tm_responsive_css=&#8221;66565405|colbreak_no|||||||||colbreak_no||||0px|||||colbreak_no||||||||||colbreak_no|||||||||&#8221;][vc_single_image image=&#8221;2740&#8243; img_size=&#8221;511&#215;630&#8243; css=&#8221;.vc_custom_1746605678761{margin-bottom: 0px !important;}&#8221;][\/vc_column][\/vc_row][vc_row tm_bgcolor=&#8221;grey&#8221; tm_bgimagefixed=&#8221;&#8221; full_width=&#8221;stretch_row&#8221; css=&#8221;.vc_custom_1730471114247{border-top-width: 0px !important;border-bottom-width: 0px !important;padding-top: 0px !important;padding-bottom: 0px !important;}&#8221;][vc_column]<div class=\"tm-element-heading-wrapper tm-heading-inner tm-element-align-center tm-seperator-solid tm-heading-style-vertical  vc_custom_1761748885460\"><section class=\"tm-vc_cta3-container\"><div class=\"tm-vc_general tm-vc_cta3 tm-cta3-only tm-vc_cta3-style-classic tm-vc_cta3-shape-rounded tm-vc_cta3-align-center tm-vc_cta3-color-transparent tm-vc_cta3-icon-size-md tm-vc_cta3-actions-no tm-cta3-with-desc\"><div class=\"tm-vc_cta3_content-container\"><div class=\"tm-vc_cta3-content\"><header class=\"tm-vc_cta3-content-header tm-wrap\"><div class=\"tm-vc_cta3-headers tm-wrap-cell\"><h2 class=\"tm-custom-heading \" >Nos produits<\/h2>\n<\/div><\/header><div class=\"tm-cta3-content-wrapper\"><p>Nous avons d\u00e9j\u00e0 \u00e9tabli une gamme compl\u00e8te de cha\u00eenes d&#8217;approvisionnement pour les produits diagnostics et m\u00e9dicaux.<\/p><\/div><\/div><\/div><\/div><\/section><\/div> <!-- .tm-element-heading-wrapper container --> [\/vc_column][\/vc_row][vc_row tm_bgcolor=&#8221;grey&#8221; tm_bgimagefixed=&#8221;&#8221; full_width=&#8221;stretch_row&#8221; css=&#8221;.vc_custom_1753726342900{margin-top: 0px !important;margin-bottom: -10px !important;border-top-width: 0px !important;border-bottom-width: 0px !important;padding-top: -30px !important;}&#8221;][vc_column width=&#8221;1\/4&#8243;][vc_single_image image=&#8221;2841&#8243; img_size=&#8221;medium&#8221; alignment=&#8221;center&#8221; css=&#8221;&#8221;][vc_custom_heading text=&#8221;Biochimie&#8221; font_container=&#8221;tag:h6|text_align:center&#8221; css=&#8221;&#8221;][\/vc_column][vc_column width=&#8221;1\/4&#8243;][vc_single_image image=&#8221;2843&#8243; img_size=&#8221;medium&#8221; alignment=&#8221;center&#8221; css=&#8221;&#8221;][vc_custom_heading text=&#8221;Serologie&#8221; font_container=&#8221;tag:h6|text_align:center&#8221; css=&#8221;&#8221;][\/vc_column][vc_column width=&#8221;1\/4&#8243;][vc_single_image image=&#8221;2835&#8243; img_size=&#8221;medium&#8221; css=&#8221;&#8221;][vc_custom_heading text=&#8221;H\u00e9matologie&#8221; font_container=&#8221;tag:h6|text_align:center&#8221; css=&#8221;&#8221;][\/vc_column][vc_column width=&#8221;1\/4&#8243;][vc_single_image image=&#8221;2836&#8243; img_size=&#8221;medium&#8221; css=&#8221;&#8221;][vc_custom_heading text=&#8221;Consommables&#8221; font_container=&#8221;tag:h6|text_align:center&#8221; css=&#8221;&#8221;][\/vc_column][\/vc_row][vc_row tm_bgcolor=&#8221;grey&#8221; tm_bgimagefixed=&#8221;&#8221; full_width=&#8221;stretch_row&#8221; css=&#8221;.vc_custom_1753726163144{margin-top: 0px !important;margin-bottom: -10px !important;padding-top: -30px !important;}&#8221;][vc_column width=&#8221;1\/4&#8243;][vc_single_image image=&#8221;2837&#8243; img_size=&#8221;medium&#8221; css=&#8221;&#8221;][vc_custom_heading text=&#8221;Appareils&#8221; font_container=&#8221;tag:h6|text_align:center&#8221; css=&#8221;&#8221;][\/vc_column][vc_column width=&#8221;1\/4&#8243;][vc_single_image image=&#8221;2845&#8243; img_size=&#8221;medium&#8221; css=&#8221;&#8221;][vc_custom_heading text=&#8221;Equipements&#8221; font_container=&#8221;tag:h6|text_align:center&#8221; css=&#8221;&#8221;][\/vc_column][vc_column width=&#8221;1\/4&#8243;][vc_single_image image=&#8221;2857&#8243; img_size=&#8221;medium&#8221; css=&#8221;&#8221;][vc_custom_heading text=&#8221;Radiologie&#8221; font_container=&#8221;tag:h6|text_align:center&#8221; css=&#8221;&#8221;][\/vc_column][vc_column width=&#8221;1\/4&#8243;][vc_single_image image=&#8221;2855&#8243; img_size=&#8221;medium&#8221; css=&#8221;&#8221;][vc_custom_heading text=&#8221;Elisa&#8221; font_container=&#8221;tag:h6|text_align:center&#8221; css=&#8221;&#8221;][\/vc_column][\/vc_row][vc_row tm_bgcolor=&#8221;grey&#8221; tm_bgimagefixed=&#8221;&#8221; full_width=&#8221;stretch_row&#8221; css=&#8221;.vc_custom_1753726186612{margin-top: 0px !important;margin-bottom: -10px !important;padding-top: -30px !important;}&#8221;][vc_column width=&#8221;1\/4&#8243;][vc_single_image image=&#8221;2851&#8243; img_size=&#8221;medium&#8221; css=&#8221;&#8221;][vc_custom_heading text=&#8221;Instruments&#8221; font_container=&#8221;tag:h6|text_align:center&#8221; css=&#8221;&#8221;][\/vc_column][vc_column width=&#8221;1\/4&#8243;][vc_single_image image=&#8221;2853&#8243; img_size=&#8221;medium&#8221; css=&#8221;&#8221;][vc_custom_heading text=&#8221;Testes rapides&#8221; font_container=&#8221;tag:h6|text_align:center&#8221; css=&#8221;&#8221;][\/vc_column][vc_column width=&#8221;1\/4&#8243;][vc_single_image image=&#8221;2859&#8243; img_size=&#8221;medium&#8221; css=&#8221;&#8221;][vc_custom_heading text=&#8221;Ionogramme&#8221; font_container=&#8221;tag:h6|text_align:center&#8221; css=&#8221;&#8221;][\/vc_column][vc_column width=&#8221;1\/4&#8243;][vc_single_image image=&#8221;2861&#8243; img_size=&#8221;medium&#8221; css=&#8221;&#8221;][vc_custom_heading text=&#8221;Autres&#8221; font_container=&#8221;tag:h6|text_align:center&#8221; css=&#8221;&#8221;][\/vc_column][\/vc_row][vc_row tm_bgcolor=&#8221;darkgrey&#8221; tm_bgimagefixed=&#8221;&#8221; break_in_responsive=&#8221;991&#8243; full_width=&#8221;stretch_row&#8221; css=&#8221;.vc_custom_1730471656599{padding-top: 0px !important;padding-bottom: 0px !important;}&#8221;][vc_column width=&#8221;1\/2&#8243; css=&#8221;.vc_custom_1558087386826{padding-right: 0px !important;padding-left: 0px !important;}&#8221;][vc_row_inner css=&#8221;.vc_custom_1559629371275{margin-right: 0px !important;margin-left: 15px !important;}&#8221; tm_responsive_css=&#8221;82114185|colbreak_no|||||||||colbreak_no||||0px|||||colbreak_no||||||||||colbreak_no|||||||||&#8221;][vc_column_inner el_class=&#8221;tm-skincolor-top-boder&#8221; css=&#8221;.vc_custom_1558345622316{margin-top: -12px !important;border-top-width: 12px !important;padding-right: 0px !important;padding-left: 0px !important;border-top-style: solid !important;}&#8221;][vc_single_image image=&#8221;2750&#8243; img_size=&#8221;570&#215;590&#8243; css=&#8221;.vc_custom_1746616081808{margin-bottom: 0px !important;}&#8221;][\/vc_column_inner][\/vc_row_inner][\/vc_column][vc_column tm_bgcolor=&#8221;white&#8221; tm_zindex=&#8221;1&#8243; width=&#8221;1\/2&#8243; css=&#8221;.vc_custom_1559625971371{margin-top: -60px !important;margin-left: -15px !important;padding-top: 50px !important;padding-bottom: 50px !important;padding-left: 55px !important;}&#8221; tm_responsive_css=&#8221;92752929|colbreak_no|||||||||colbreak_no|0px|||0px|30px||20px|15px|colbreak_no||||||||||colbreak_no|||||||||&#8221;][vc_row_inner break_in_responsive=&#8221;991&#8243;][vc_column_inner]<div class=\"tm-element-heading-wrapper tm-heading-inner tm-element-align-left tm-seperator-none tm-heading-style-vertical \"><section class=\"tm-vc_cta3-container\"><div class=\"tm-vc_general tm-vc_cta3 tm-cta3-only tm-vc_cta3-style-classic tm-vc_cta3-shape-rounded tm-vc_cta3-align-left tm-vc_cta3-color-transparent tm-vc_cta3-icon-size-md tm-vc_cta3-actions-no tm-cta3-without-desc\"><div class=\"tm-vc_cta3_content-container\"><div class=\"tm-vc_cta3-content\"><header class=\"tm-vc_cta3-content-header tm-wrap\"><div class=\"tm-vc_cta3-headers tm-wrap-cell\"><h2 class=\"tm-custom-heading \" >POURQUOI NOUS CHOISIR<\/h2>\n<\/div><\/header><\/div><\/div><\/div><\/section><\/div> <!-- .tm-element-heading-wrapper container --> [\/vc_column_inner][\/vc_row_inner][vc_row_inner][vc_column_inner el_class=&#8221;servicebox-number&#8221; css=&#8221;.vc_custom_1559626030729{padding-right: 72px !important;}&#8221; tm_responsive_css=&#8221;47787204|colbreak_no|||||||||colbreak_no||||||15px|||colbreak_no||||||||||colbreak_no|||||||||&#8221;]<div class=\"tm-sbox tm-sbox-iconalign-left-spacing none tm-sbox-bgcolor-transparent tm-bgcolor-transparent tm-sbox-textcolor- tm-textcolor- tm-sbox-isize-xs tm-sbox-isize-xs tm-sbox-istyle-rounded vc_custom_1730472060056 tm-sbox-heading-only\"><section class=\"tm-vc_cta3-container\"><div class=\"tm-vc_general tm-vc_cta3 tm-vc_cta3-align-left tm-vc_cta3-icon-size-xs tm-vc_cta3-icons-left tm-vc_cta3-actions-no\"><div class=\"tm-vc_cta3-icons tm-wrap-cell\"><div class=\"tm-vc_icon_element tm-vc_icon_element-outer tm-vc_icon_element-align-left  tm-vc_icon_element-have-style\"><div class=\"tm-vc_icon_element-inner  tm-vc_icon_element-have-style-inner tm-vc_icon_element-color-white tm-vc_icon_element-size-xs tm-vc_icon_element-style-rounded tm-vc_icon_element-background tm-vc_icon_element-background-color-skincolor\" ><span class=\"tm-vc_icon_element-icon fa fa-thumbs-o-up\" ><\/span><\/div><\/div><\/div><div class=\"tm-vc_cta3_content-container\"><div class=\"tm-vc_cta3-content\"><div class=\"tm-vc_cta3-content-header tm-wrap\"><div class=\"tm-vc_cta3-headers tm-wrap-cell\"><h2 class=\"tm-custom-heading \" >Engagement envers la Qualit\u00e9<\/h2>\n<\/div><\/div><\/div><div class=\"tm-cta3-desc-btn-wrapper\"><div class=\"tm-cta3-description\"><div class=\"tm-cta3-content-wrapper\"><p>Lab Acces s&#8217;engage \u00e0 respecter les normes les plus strictes de qualit\u00e9 et de s\u00e9curit\u00e9.<\/p><\/div><\/div><\/div><\/div><\/div><\/section><\/div>[vc_separator color=&#8221;custom&#8221; css=&#8221;.vc_custom_1557312209130{margin-bottom: 22px !important;}&#8221; accent_color=&#8221;#e8ecef&#8221;]<div class=\"tm-sbox tm-sbox-iconalign-left-spacing none tm-sbox-bgcolor-transparent tm-bgcolor-transparent tm-sbox-textcolor- tm-textcolor- tm-sbox-isize-xs tm-sbox-isize-xs tm-sbox-istyle-rounded vc_custom_1730472192447 tm-sbox-heading-only\"><section class=\"tm-vc_cta3-container\"><div class=\"tm-vc_general tm-vc_cta3 tm-vc_cta3-align-left tm-vc_cta3-icon-size-xs tm-vc_cta3-icons-left tm-vc_cta3-actions-no\"><div class=\"tm-vc_cta3-icons tm-wrap-cell\"><div class=\"tm-vc_icon_element tm-vc_icon_element-outer tm-vc_icon_element-align-left  tm-vc_icon_element-have-style\"><div class=\"tm-vc_icon_element-inner  tm-vc_icon_element-have-style-inner tm-vc_icon_element-color-white tm-vc_icon_element-size-xs tm-vc_icon_element-style-rounded tm-vc_icon_element-background tm-vc_icon_element-background-color-skincolor\" ><span class=\"tm-vc_icon_element-icon fa fa-thumbs-o-up\" ><\/span><\/div><\/div><\/div><div class=\"tm-vc_cta3_content-container\"><div class=\"tm-vc_cta3-content\"><div class=\"tm-vc_cta3-content-header tm-wrap\"><div class=\"tm-vc_cta3-headers tm-wrap-cell\"><h2 class=\"tm-custom-heading \" >Approche Client<\/h2>\n<\/div><\/div><\/div><div class=\"tm-cta3-desc-btn-wrapper\"><div class=\"tm-cta3-description\"><div class=\"tm-cta3-content-wrapper\"><p>Nous restons \u00e0 l&#8217;\u00e9coute des besoins des professionnels de la sant\u00e9 et proposons des solutions personnalis\u00e9es.<\/p><\/div><\/div><\/div><\/div><\/div><\/section><\/div>[vc_separator color=&#8221;custom&#8221; css=&#8221;.vc_custom_1557312209130{margin-bottom: 22px !important;}&#8221; accent_color=&#8221;#e8ecef&#8221;]<div class=\"tm-sbox tm-sbox-iconalign-left-spacing none tm-sbox-bgcolor-transparent tm-bgcolor-transparent tm-sbox-textcolor- tm-textcolor- tm-sbox-isize-xs tm-sbox-isize-xs tm-sbox-istyle-rounded vc_custom_1730472358164 tm-sbox-heading-only\"><section class=\"tm-vc_cta3-container\"><div class=\"tm-vc_general tm-vc_cta3 tm-vc_cta3-align-left tm-vc_cta3-icon-size-xs tm-vc_cta3-icons-left tm-vc_cta3-actions-no\"><div class=\"tm-vc_cta3-icons tm-wrap-cell\"><div class=\"tm-vc_icon_element tm-vc_icon_element-outer tm-vc_icon_element-align-left  tm-vc_icon_element-have-style\"><div class=\"tm-vc_icon_element-inner  tm-vc_icon_element-have-style-inner tm-vc_icon_element-color-white tm-vc_icon_element-size-xs tm-vc_icon_element-style-rounded tm-vc_icon_element-background tm-vc_icon_element-background-color-skincolor\" ><span class=\"tm-vc_icon_element-icon fa fa-thumbs-o-up\" ><\/span><\/div><\/div><\/div><div class=\"tm-vc_cta3_content-container\"><div class=\"tm-vc_cta3-content\"><div class=\"tm-vc_cta3-content-header tm-wrap\"><div class=\"tm-vc_cta3-headers tm-wrap-cell\"><h2 class=\"tm-custom-heading \" >Innovation<\/h2>\n<\/div><\/div><\/div><div class=\"tm-cta3-desc-btn-wrapper\"><div class=\"tm-cta3-description\"><div class=\"tm-cta3-content-wrapper\"><p>Nous investissons dans la recherche pour r\u00e9pondre aux \u00e9volutions du secteur m\u00e9dical.<\/p><\/div><\/div><\/div><\/div><\/div><\/section><\/div>[vc_separator color=&#8221;custom&#8221; css=&#8221;.vc_custom_1557312209130{margin-bottom: 22px !important;}&#8221; accent_color=&#8221;#e8ecef&#8221;]<div class=\"tm-sbox tm-sbox-iconalign-left-spacing none tm-sbox-bgcolor-transparent tm-bgcolor-transparent tm-sbox-textcolor- tm-textcolor- tm-sbox-isize-xs tm-sbox-isize-xs tm-sbox-istyle-rounded vc_custom_1730472417676 tm-sbox-heading-only\"><section class=\"tm-vc_cta3-container\"><div class=\"tm-vc_general tm-vc_cta3 tm-vc_cta3-align-left tm-vc_cta3-icon-size-xs tm-vc_cta3-icons-left tm-vc_cta3-actions-no\"><div class=\"tm-vc_cta3-icons tm-wrap-cell\"><div class=\"tm-vc_icon_element tm-vc_icon_element-outer tm-vc_icon_element-align-left  tm-vc_icon_element-have-style\"><div class=\"tm-vc_icon_element-inner  tm-vc_icon_element-have-style-inner tm-vc_icon_element-color-white tm-vc_icon_element-size-xs tm-vc_icon_element-style-rounded tm-vc_icon_element-background tm-vc_icon_element-background-color-skincolor\" ><span class=\"tm-vc_icon_element-icon fa fa-thumbs-o-up\" ><\/span><\/div><\/div><\/div><div class=\"tm-vc_cta3_content-container\"><div class=\"tm-vc_cta3-content\"><div class=\"tm-vc_cta3-content-header tm-wrap\"><div class=\"tm-vc_cta3-headers tm-wrap-cell\"><h2 class=\"tm-custom-heading \" >Maintenance<\/h2>\n<\/div><\/div><\/div><div class=\"tm-cta3-desc-btn-wrapper\"><div class=\"tm-cta3-description\"><div class=\"tm-cta3-content-wrapper\"><p>Nous offrons des services de maintenance et de formation pour assurer une utilisation optimale de nos \u00e9quipements.<\/p><\/div><\/div><\/div><\/div><\/div><\/section><\/div>[\/vc_column_inner][\/vc_row_inner][\/vc_column][\/vc_row]<\/p>\n<\/div>","protected":false},"excerpt":{"rendered":"<p>[vc_row tm_bgimagefixed=&#8221;&#8221; break_in_responsive=&#8221;991&#8243; full_width=&#8221;stretch_row&#8221; css=&#8221;.vc_custom_1559909514739{padding-top: 100px !important;padding-bottom: 98px !important;}&#8221; tm_responsive_css=&#8221;89644920|colbreak_no|||||||||colbreak_no|||||40px||45px||colbreak_no||||||||||colbreak_no|||||||||&#8221;][vc_column width=&#8221;7\/12&#8243; css=&#8221;.vc_custom_1559627567579{padding-right: 95px !important;}&#8221; tm_responsive_css=&#8221;33764220|colbreak_no|||||||||colbreak_no||||||15px|||colbreak_no||||||||||colbreak_no|||||||||&#8221;][vc_row_inner][vc_column_inner css=&#8221;.vc_custom_1559719194599{padding-right: 60px !important;}&#8221; tm_responsive_css=&#8221;35878655|colbreak_no|||||||||colbreak_no||||||15px|||colbreak_no||||||||||colbreak_no|||||||||&#8221;][\/vc_column_inner][\/vc_row_inner][vc_row_inner][vc_column_inner width=&#8221;1\/2&#8243;][\/vc_column_inner][vc_column_inner width=&#8221;1\/2&#8243; css=&#8221;.vc_custom_1559625620905{padding-left: 0px !important;}&#8221; tm_responsive_css=&#8221;93448289|colbreak_no|||||||||colbreak_no|-16px|||||||15px|colbreak_no||||||||||colbreak_no|||||||||&#8221;][\/vc_column_inner][vc_column_inner][\/vc_column_inner][\/vc_row_inner][\/vc_column][vc_column tm_bgimage_position=&#8221;left_center&#8221; width=&#8221;5\/12&#8243; css=&#8221;.vc_custom_1559625661898{margin-left: -15px !important;border-top-width: 1px !important;border-right-width: 1px !important;border-bottom-width: 1px !important;border-left-width: 1px !important;padding-top: 12px !important;padding-right: 12px !important;padding-bottom: 12px !important;padding-left: 12px !important;border-left-color: #e8ecef !important;border-left-style: solid !important;border-right-color: #e8ecef !important;border-right-style: solid !important;border-top-color: #e8ecef &hellip; <a href=\"https:\/\/rockit.bi\/lab\/\" class=\"more-link\">Continue reading <span class=\"screen-reader-text\">Home 1<\/span><\/a><\/p>\n","protected":false},"author":1,"featured_media":0,"parent":0,"menu_order":1,"comment_status":"closed","ping_status":"closed","template":"","meta":{"footnotes":""},"class_list":["post-13","page","type-page","status-publish","hentry"],"jetpack_sharing_enabled":true,"_links":{"self":[{"href":"https:\/\/rockit.bi\/lab\/wp-json\/wp\/v2\/pages\/13","targetHints":{"allow":["GET"]}}],"collection":[{"href":"https:\/\/rockit.bi\/lab\/wp-json\/wp\/v2\/pages"}],"about":[{"href":"https:\/\/rockit.bi\/lab\/wp-json\/wp\/v2\/types\/page"}],"author":[{"embeddable":true,"href":"https:\/\/rockit.bi\/lab\/wp-json\/wp\/v2\/users\/1"}],"replies":[{"embeddable":true,"href":"https:\/\/rockit.bi\/lab\/wp-json\/wp\/v2\/comments?post=13"}],"version-history":[{"count":53,"href":"https:\/\/rockit.bi\/lab\/wp-json\/wp\/v2\/pages\/13\/revisions"}],"predecessor-version":[{"id":2908,"href":"https:\/\/rockit.bi\/lab\/wp-json\/wp\/v2\/pages\/13\/revisions\/2908"}],"wp:attachment":[{"href":"https:\/\/rockit.bi\/lab\/wp-json\/wp\/v2\/media?parent=13"}],"curies":[{"name":"wp","href":"https:\/\/api.w.org\/{rel}","templated":true}]}}